{"id":371,"date":"2023-03-29T14:47:11","date_gmt":"2023-03-29T17:47:11","guid":{"rendered":"https:\/\/kickstarter.infinitoag.com\/docs\/?page_id=371"},"modified":"2024-07-25T14:20:45","modified_gmt":"2024-07-25T17:20:45","slug":"sua-conta-no-site","status":"publish","type":"page","link":"https:\/\/kickstarter.infinitoag.com\/docs\/tutoriais\/sua-conta-no-site\/","title":{"rendered":"Sua Conta no Site"},"content":{"rendered":"\n<div class=\"wp-block-uagb-container uagb-block-add28ab5 alignfull uagb-is-root-container\">\n<div class=\"wp-block-cover alignfull\" style=\"margin-bottom:20px;min-height:235px;aspect-ratio:unset;\"><span aria-hidden=\"true\" class=\"wp-block-cover__background has-background-dim-30 has-background-dim\" style=\"background-color:#171717\"><\/span><img loading=\"lazy\" decoding=\"async\" width=\"1920\" height=\"480\" class=\"wp-block-cover__image-background wp-image-482\" alt=\"\" src=\"https:\/\/kickstarter.infinitoag.com\/docs\/wp-content\/uploads\/2024\/07\/fundo-iag-2-2.png\" style=\"object-position:49% 51%\" data-object-fit=\"cover\" data-object-position=\"49% 51%\" title=\"\" srcset=\"https:\/\/kickstarter.infinitoag.com\/docs\/wp-content\/uploads\/2024\/07\/fundo-iag-2-2.png 1920w, https:\/\/kickstarter.infinitoag.com\/docs\/wp-content\/uploads\/2024\/07\/fundo-iag-2-2-300x75.png 300w, https:\/\/kickstarter.infinitoag.com\/docs\/wp-content\/uploads\/2024\/07\/fundo-iag-2-2-1024x256.png 1024w, https:\/\/kickstarter.infinitoag.com\/docs\/wp-content\/uploads\/2024\/07\/fundo-iag-2-2-768x192.png 768w, https:\/\/kickstarter.infinitoag.com\/docs\/wp-content\/uploads\/2024\/07\/fundo-iag-2-2-1536x384.png 1536w\" sizes=\"auto, (max-width: 1920px) 100vw, 1920px\" \/><div class=\"wp-block-cover__inner-container is-layout-flow wp-block-cover-is-layout-flow\">\n<div class=\"wp-block-uagb-advanced-heading uagb-block-f0bc633b\"><h2 class=\"uagb-heading-text\">Base de Conhecimento<\/h2><\/div>\n<\/div><\/div>\n<\/div>\n\n\n\n<div class=\"wp-block-uagb-container uagb-block-58532962 alignfull uagb-is-root-container\"><div class=\"uagb-container-inner-blocks-wrap\">\n<div class=\"wp-block-uagb-container sidebar-post uagb-block-0d76de8e\">\n<div class=\"wp-block-uagb-advanced-heading uagb-block-c40d83cd\"><h1 class=\"uagb-heading-text\">Navegue<\/h1><\/div>\n\n\n\n<div class=\"wp-block-query is-layout-flow wp-block-query-is-layout-flow\"><ul class=\"has-link-color wp-elements-fca2d7acc1f7b4812a06ce95bed48266 wp-block-post-template has-text-color has-black-color is-layout-flow wp-container-core-post-template-is-layout-3ee800f6 wp-block-post-template-is-layout-flow\"><li class=\"wp-block-post post-367 page type-page status-publish hentry\">\n<h5 style=\"font-size:20px;text-decoration:none; margin-top:var(--wp--preset--spacing--50);margin-bottom:var(--wp--preset--spacing--50);\" class=\"has-text-align-left wp-block-post-title wp-elements-fca2d7acc1f7b4812a06ce95bed48266\"><a href=\"https:\/\/kickstarter.infinitoag.com\/docs\/tutoriais\/primeiros-passos\/\" target=\"_self\" >Primeiros Passos<\/a><\/h5>\n<\/li><li class=\"wp-block-post post-369 page type-page status-publish hentry\">\n<h5 style=\"font-size:20px;text-decoration:none; margin-top:var(--wp--preset--spacing--50);margin-bottom:var(--wp--preset--spacing--50);\" class=\"has-text-align-left wp-block-post-title wp-elements-fca2d7acc1f7b4812a06ce95bed48266\"><a href=\"https:\/\/kickstarter.infinitoag.com\/docs\/tutoriais\/criacao-do-site\/\" target=\"_self\" >Criar meu site<\/a><\/h5>\n<\/li><li class=\"wp-block-post post-363 page type-page status-publish hentry\">\n<h5 style=\"font-size:20px;text-decoration:none; margin-top:var(--wp--preset--spacing--50);margin-bottom:var(--wp--preset--spacing--50);\" class=\"has-text-align-left wp-block-post-title wp-elements-fca2d7acc1f7b4812a06ce95bed48266\"><a href=\"https:\/\/kickstarter.infinitoag.com\/docs\/tutoriais\/gerenciando-paginas\/\" target=\"_self\" >Gerenciando P\u00e1ginas<\/a><\/h5>\n<\/li><li class=\"wp-block-post post-370 page type-page status-publish hentry\">\n<h5 style=\"font-size:20px;text-decoration:none; margin-top:var(--wp--preset--spacing--50);margin-bottom:var(--wp--preset--spacing--50);\" class=\"has-text-align-left wp-block-post-title wp-elements-fca2d7acc1f7b4812a06ce95bed48266\"><a href=\"https:\/\/kickstarter.infinitoag.com\/docs\/tutoriais\/personalizacao\/\" target=\"_self\" >Personaliza\u00e7\u00e3o<\/a><\/h5>\n<\/li><li class=\"wp-block-post post-368 page type-page status-publish hentry\">\n<h5 style=\"font-size:20px;text-decoration:none; margin-top:var(--wp--preset--spacing--50);margin-bottom:var(--wp--preset--spacing--50);\" class=\"has-text-align-left wp-block-post-title wp-elements-fca2d7acc1f7b4812a06ce95bed48266\"><a href=\"https:\/\/kickstarter.infinitoag.com\/docs\/tutoriais\/ferramentas-e-recursos\/\" target=\"_self\" >Ferramentas e Recursos<\/a><\/h5>\n<\/li><li class=\"wp-block-post post-575 page type-page status-publish hentry\">\n<h5 style=\"font-size:20px;text-decoration:none; margin-top:var(--wp--preset--spacing--50);margin-bottom:var(--wp--preset--spacing--50);\" class=\"has-text-align-left wp-block-post-title wp-elements-fca2d7acc1f7b4812a06ce95bed48266\"><a href=\"https:\/\/kickstarter.infinitoag.com\/docs\/tutoriais\/edicao-de-conteudo\/\" target=\"_self\" >Edi\u00e7\u00e3o de Conte\u00fado<\/a><\/h5>\n<\/li><li class=\"wp-block-post post-475 page type-page status-publish hentry\">\n<h5 style=\"font-size:20px;text-decoration:none; margin-top:var(--wp--preset--spacing--50);margin-bottom:var(--wp--preset--spacing--50);\" class=\"has-text-align-left wp-block-post-title wp-elements-fca2d7acc1f7b4812a06ce95bed48266\"><a href=\"https:\/\/kickstarter.infinitoag.com\/docs\/tutoriais\/blog\/\" target=\"_self\" >Blog<\/a><\/h5>\n<\/li><li class=\"wp-block-post post-371 page type-page status-publish hentry\">\n<h5 style=\"font-size:20px;text-decoration:none; margin-top:var(--wp--preset--spacing--50);margin-bottom:var(--wp--preset--spacing--50);\" class=\"has-text-align-left wp-block-post-title wp-elements-fca2d7acc1f7b4812a06ce95bed48266\"><a href=\"https:\/\/kickstarter.infinitoag.com\/docs\/tutoriais\/sua-conta-no-site\/\" target=\"_self\" >Sua Conta no Site<\/a><\/h5>\n<\/li><li class=\"wp-block-post post-573 page type-page status-publish hentry\">\n<h5 style=\"font-size:20px;text-decoration:none; margin-top:var(--wp--preset--spacing--50);margin-bottom:var(--wp--preset--spacing--50);\" class=\"has-text-align-left wp-block-post-title wp-elements-fca2d7acc1f7b4812a06ce95bed48266\"><a href=\"https:\/\/kickstarter.infinitoag.com\/docs\/tutoriais\/outros-assuntos\/\" target=\"_self\" >Outros Assuntos<\/a><\/h5>\n<\/li><\/ul><\/div>\n<\/div>\n\n\n\n<div class=\"wp-block-uagb-container uagb-block-5b5f04a4\">\n<div class=\"wp-block-uagb-advanced-heading uagb-block-40531d84\"><h1 class=\"uagb-heading-text\">Sua conta no site<\/h1><\/div>\n\n\n\n<p class=\"has-text-color has-link-color wp-elements-af52795e0637229c253674fce1eb3b99\" style=\"color:#7780a1\">Veja abaixo todos os posts dispon\u00edveis sobre <strong>Sua conta no site<\/strong>:<br><br><\/p>\n\n\n\n<div class=\"wp-block-query is-layout-flow wp-block-query-is-layout-flow\"><ul class=\"wp-block-post-template is-layout-flow wp-container-core-post-template-is-layout-f854faac wp-block-post-template-is-layout-flow\"><li class=\"wp-block-post post-621 post type-post status-publish format-standard hentry category-sua-conta-no-site\">\n<h4 style=\"font-size:24px;line-height:1; padding-top:0;padding-bottom:0;margin-top:0;margin-bottom:0;margin-left:0;margin-right:0;\" class=\"has-text-align-left has-link-color wp-elements-d1398f994827474b2cdc9cbbcc68135b wp-block-post-title\"><a href=\"https:\/\/kickstarter.infinitoag.com\/docs\/como-acessar-sua-conta\/\" target=\"_self\" >Como acessar sua conta<\/a><\/h4>\n<\/li><li class=\"wp-block-post post-622 post type-post status-publish format-standard hentry category-sua-conta-no-site\">\n<h4 style=\"font-size:24px;line-height:1; padding-top:0;padding-bottom:0;margin-top:0;margin-bottom:0;margin-left:0;margin-right:0;\" class=\"has-text-align-left has-link-color wp-elements-d1398f994827474b2cdc9cbbcc68135b wp-block-post-title\"><a href=\"https:\/\/kickstarter.infinitoag.com\/docs\/como-trocar-sua-senha\/\" target=\"_self\" >Como trocar sua senha<\/a><\/h4>\n<\/li><\/ul><\/div>\n<\/div>\n<\/div><\/div>\n","protected":false},"excerpt":{"rendered":"<p>Navegue Sua conta no site Veja abaixo todos os posts dispon\u00edveis sobre Sua conta no site:<\/p>\n","protected":false},"author":1,"featured_media":0,"parent":578,"menu_order":9,"comment_status":"closed","ping_status":"closed","template":"","meta":{"_uag_custom_page_level_css":"","site-sidebar-layout":"default","site-content-layout":"","ast-site-content-layout":"default","site-content-style":"default","site-sidebar-style":"default","ast-global-header-display":"","ast-banner-title-visibility":"","ast-main-header-display":"","ast-hfb-above-header-display":"","ast-hfb-below-header-display":"","ast-hfb-mobile-header-display":"","site-post-title":"disabled","ast-breadcrumbs-content":"","ast-featured-img":"","footer-sml-layout":"","theme-transparent-header-meta":"","adv-header-id-meta":"","stick-header-meta":"","header-above-stick-meta":"","header-main-stick-meta":"","header-below-stick-meta":"","astra-migrate-meta-layouts":"default","ast-page-background-enabled":"default","ast-page-background-meta":{"desktop":{"background-color":"var(--ast-global-color-4)","background-image":"","background-repeat":"repeat","background-position":"center center","background-size":"auto","background-attachment":"scroll","background-type":"","background-media":"","overlay-type":"","overlay-color":"","overlay-opacity":"","overlay-gradient":""},"tablet":{"background-color":"","background-image":"","background-repeat":"repeat","background-position":"center center","background-size":"auto","background-attachment":"scroll","background-type":"","background-media":"","overlay-type":"","overlay-color":"","overlay-opacity":"","overlay-gradient":""},"mobile":{"background-color":"","background-image":"","background-repeat":"repeat","background-position":"center center","background-size":"auto","background-attachment":"scroll","background-type":"","background-media":"","overlay-type":"","overlay-color":"","overlay-opacity":"","overlay-gradient":""}},"ast-content-background-meta":{"desktop":{"background-color":"var(--ast-global-color-5)","background-image":"","background-repeat":"repeat","background-position":"center center","background-size":"auto","background-attachment":"scroll","background-type":"","background-media":"","overlay-type":"","overlay-color":"","overlay-opacity":"","overlay-gradient":""},"tablet":{"background-color":"var(--ast-global-color-5)","background-image":"","background-repeat":"repeat","background-position":"center center","background-size":"auto","background-attachment":"scroll","background-type":"","background-media":"","overlay-type":"","overlay-color":"","overlay-opacity":"","overlay-gradient":""},"mobile":{"background-color":"var(--ast-global-color-5)","background-image":"","background-repeat":"repeat","background-position":"center center","background-size":"auto","background-attachment":"scroll","background-type":"","background-media":"","overlay-type":"","overlay-color":"","overlay-opacity":"","overlay-gradient":""}},"footnotes":""},"class_list":["post-371","page","type-page","status-publish","hentry"],"uagb_featured_image_src":{"full":false,"thumbnail":false,"medium":false,"medium_large":false,"large":false,"1536x1536":false,"2048x2048":false,"woocommerce_thumbnail":false,"woocommerce_single":false,"woocommerce_gallery_thumbnail":false},"uagb_author_info":{"display_name":"admin","author_link":"https:\/\/kickstarter.infinitoag.com\/docs\/author\/administrador\/"},"uagb_comment_info":0,"uagb_excerpt":"Navegue Sua conta no site Veja abaixo todos os posts dispon\u00edveis sobre Sua conta no site:","_links":{"self":[{"href":"https:\/\/kickstarter.infinitoag.com\/docs\/wp-json\/wp\/v2\/pages\/371","targetHints":{"allow":["GET"]}}],"collection":[{"href":"https:\/\/kickstarter.infinitoag.com\/docs\/wp-json\/wp\/v2\/pages"}],"about":[{"href":"https:\/\/kickstarter.infinitoag.com\/docs\/wp-json\/wp\/v2\/types\/page"}],"author":[{"embeddable":true,"href":"https:\/\/kickstarter.infinitoag.com\/docs\/wp-json\/wp\/v2\/users\/1"}],"replies":[{"embeddable":true,"href":"https:\/\/kickstarter.infinitoag.com\/docs\/wp-json\/wp\/v2\/comments?post=371"}],"version-history":[{"count":0,"href":"https:\/\/kickstarter.infinitoag.com\/docs\/wp-json\/wp\/v2\/pages\/371\/revisions"}],"up":[{"embeddable":true,"href":"https:\/\/kickstarter.infinitoag.com\/docs\/wp-json\/wp\/v2\/pages\/578"}],"wp:attachment":[{"href":"https:\/\/kickstarter.infinitoag.com\/docs\/wp-json\/wp\/v2\/media?parent=371"}],"curies":[{"name":"wp","href":"https:\/\/api.w.org\/{rel}","templated":true}]}}